{"id":8573,"date":"2024-01-26T20:22:22","date_gmt":"2024-01-26T17:22:22","guid":{"rendered":"https:\/\/minnakilmekler.com\/urun\/crochet-balaclava-green-granny-square-scarf-granny-square-cowl-neck-warmer-multicolor-scarf-gift-for-her-christmas-gift-2\/"},"modified":"2024-10-08T18:23:32","modified_gmt":"2024-10-08T15:23:32","slug":"crochet-balaclava-green-granny-square-scarf-granny-square-cowl-neck-warmer-multicolor-scarf-gift-for-her-christmas-gift-2","status":"publish","type":"product","link":"https:\/\/minnakilmekler.com\/en\/urun\/crochet-balaclava-green-granny-square-scarf-granny-square-cowl-neck-warmer-multicolor-scarf-gift-for-her-christmas-gift-2\/","title":{"rendered":"Crochet Balaclava White, Granny Square Scarf, Granny Square Cowl, Neck warmer, Multicolor scarf, Gift for her, Christmas Gift"},"content":{"rendered":"<h2>Crochet Balaclava White, granny square scarf, granny square cowl, neck warmer, multicolor scarf, gift for her, Christmas gift<\/h2>\n<p>Material : 55% Cotton &#8211; 45% Acrylic blend yarn<\/p>\n<p>Dimensions<\/p>\n<p>Length (circular) : 68 cm (26,77 Inches) ; Width: 30 cm (11,81 Inches) k\u0131rm\u0131z\u0131 siyah<\/p>\n<p>% 100 handmade<\/p>\n<p>I will carefully crochet your custom neck warmer with close attention to detail, and it will take me around 5 days to complete. Shipping usually takes between 2 to 5 business days.<\/p>\n<p>You can choose the colors neck warmer as you wish. For this, I leave a color scheme at the end of the photos.<\/p>\n<p>Please note: product color may very slightly from what you see on your screen and depends on your monitor settings.<\/p>\n<p>If you have any question please do not hesitate to contact me<\/p>\n<p>Washing Information<br \/>\nIt can be washed hand wash gently in cool or lukewarm water and lay flat to dry.<br \/>\nAll my items are made with big love so every piece has a very unique touch<\/p>\n<p>Thank you for visiting my shop!<\/p>\n<p><a href=\"https:\/\/www.etsy.com\/your\/shops\/minnakilmeklershop\" target=\"_blank\" rel=\"noopener\">https:\/\/www.etsy.com\/your\/shops\/minnakilmeklershop<\/a><\/p>\n<p>You can also find me on Instagram @minnakilmekler<\/p>\n<p>Ozge<\/p>\n","protected":false},"excerpt":{"rendered":"<p>Purchases are made on Etsy. When you click the Buy button, you can see the current campaigns on Etys.<\/p>\n","protected":false},"featured_media":8419,"template":"","meta":{"rank_math_lock_modified_date":false},"product_cat":[83],"product_tag":[],"class_list":{"0":"post-8573","1":"product","2":"type-product","3":"status-publish","4":"has-post-thumbnail","6":"product_cat-balaclava","8":"first","9":"instock","10":"taxable","11":"shipping-taxable","12":"purchasable","13":"product-type-simple"},"_links":{"self":[{"href":"https:\/\/minnakilmekler.com\/en\/wp-json\/wp\/v2\/product\/8573","targetHints":{"allow":["GET"]}}],"collection":[{"href":"https:\/\/minnakilmekler.com\/en\/wp-json\/wp\/v2\/product"}],"about":[{"href":"https:\/\/minnakilmekler.com\/en\/wp-json\/wp\/v2\/types\/product"}],"wp:featuredmedia":[{"embeddable":true,"href":"https:\/\/minnakilmekler.com\/en\/wp-json\/wp\/v2\/media\/8419"}],"wp:attachment":[{"href":"https:\/\/minnakilmekler.com\/en\/wp-json\/wp\/v2\/media?parent=8573"}],"wp:term":[{"taxonomy":"product_cat","embeddable":true,"href":"https:\/\/minnakilmekler.com\/en\/wp-json\/wp\/v2\/product_cat?post=8573"},{"taxonomy":"product_tag","embeddable":true,"href":"https:\/\/minnakilmekler.com\/en\/wp-json\/wp\/v2\/product_tag?post=8573"}],"curies":[{"name":"wp","href":"https:\/\/api.w.org\/{rel}","templated":true}]}}