{"id":7917,"date":"2024-01-20T23:34:25","date_gmt":"2024-01-20T20:34:25","guid":{"rendered":"https:\/\/minnakilmekler.com\/?post_type=product&#038;p=7917"},"modified":"2024-01-20T23:35:32","modified_gmt":"2024-01-20T20:35:32","slug":"papatya-desenli-battaniye","status":"publish","type":"product","link":"https:\/\/minnakilmekler.com\/en\/urun\/papatya-desenli-battaniye\/","title":{"rendered":"Papatya Desenli Battaniye"},"content":{"rendered":"","protected":false},"excerpt":{"rendered":"<p>Sat\u0131n alma i\u015flemleri Etsy&#8217;den yap\u0131lmaktad\u0131r. Sat\u0131n Al butonuna t\u0131klad\u0131\u011f\u0131n\u0131zda Etys&#8217;de g\u00fcncel kampanyalar\u0131 g\u00f6rebilirsiniz.<\/p>\n","protected":false},"featured_media":7916,"template":"","meta":{"rank_math_lock_modified_date":false},"product_cat":[67],"product_tag":[],"class_list":{"0":"post-7917","1":"product","2":"type-product","3":"status-publish","4":"has-post-thumbnail","6":"product_cat-battaniye","8":"first","9":"instock","10":"taxable","11":"shipping-taxable","12":"purchasable","13":"product-type-simple"},"_links":{"self":[{"href":"https:\/\/minnakilmekler.com\/en\/wp-json\/wp\/v2\/product\/7917","targetHints":{"allow":["GET"]}}],"collection":[{"href":"https:\/\/minnakilmekler.com\/en\/wp-json\/wp\/v2\/product"}],"about":[{"href":"https:\/\/minnakilmekler.com\/en\/wp-json\/wp\/v2\/types\/product"}],"wp:featuredmedia":[{"embeddable":true,"href":"https:\/\/minnakilmekler.com\/en\/wp-json\/wp\/v2\/media\/7916"}],"wp:attachment":[{"href":"https:\/\/minnakilmekler.com\/en\/wp-json\/wp\/v2\/media?parent=7917"}],"wp:term":[{"taxonomy":"product_cat","embeddable":true,"href":"https:\/\/minnakilmekler.com\/en\/wp-json\/wp\/v2\/product_cat?post=7917"},{"taxonomy":"product_tag","embeddable":true,"href":"https:\/\/minnakilmekler.com\/en\/wp-json\/wp\/v2\/product_tag?post=7917"}],"curies":[{"name":"wp","href":"https:\/\/api.w.org\/{rel}","templated":true}]}}