{"id":7788,"date":"2021-07-24T16:23:22","date_gmt":"2021-07-24T13:23:22","guid":{"rendered":"https:\/\/minnakilmekler.com\/?post_type=product&#038;p=7788"},"modified":"2024-01-20T20:14:04","modified_gmt":"2024-01-20T17:14:04","slug":"van-gogh","status":"publish","type":"product","link":"https:\/\/minnakilmekler.com\/en\/urun\/van-gogh\/","title":{"rendered":"Van Gogh"},"content":{"rendered":"<p>Sipari\u015f \u00fczerine \u00f6r\u00fclmektedir. Sipari\u015f tarihinden itibaren 10-12 g\u00fcn aras\u0131nda kargoya teslim edilmektedir.<\/p>\n","protected":false},"excerpt":{"rendered":"<p>Sat\u0131n alma i\u015flemleri Etsy&#8217;den yap\u0131lmaktad\u0131r. Sat\u0131n Al butonuna t\u0131klad\u0131\u011f\u0131n\u0131zda Etys&#8217;de g\u00fcncel kampanyalar\u0131 g\u00f6rebilirsiniz.<\/p>\n","protected":false},"featured_media":7789,"template":"","meta":{"rank_math_lock_modified_date":false},"product_cat":[41],"product_tag":[],"class_list":{"0":"post-7788","1":"product","2":"type-product","3":"status-publish","4":"has-post-thumbnail","6":"product_cat-amigurumi","8":"first","9":"instock","10":"taxable","11":"shipping-taxable","12":"purchasable","13":"product-type-simple"},"_links":{"self":[{"href":"https:\/\/minnakilmekler.com\/en\/wp-json\/wp\/v2\/product\/7788","targetHints":{"allow":["GET"]}}],"collection":[{"href":"https:\/\/minnakilmekler.com\/en\/wp-json\/wp\/v2\/product"}],"about":[{"href":"https:\/\/minnakilmekler.com\/en\/wp-json\/wp\/v2\/types\/product"}],"wp:featuredmedia":[{"embeddable":true,"href":"https:\/\/minnakilmekler.com\/en\/wp-json\/wp\/v2\/media\/7789"}],"wp:attachment":[{"href":"https:\/\/minnakilmekler.com\/en\/wp-json\/wp\/v2\/media?parent=7788"}],"wp:term":[{"taxonomy":"product_cat","embeddable":true,"href":"https:\/\/minnakilmekler.com\/en\/wp-json\/wp\/v2\/product_cat?post=7788"},{"taxonomy":"product_tag","embeddable":true,"href":"https:\/\/minnakilmekler.com\/en\/wp-json\/wp\/v2\/product_tag?post=7788"}],"curies":[{"name":"wp","href":"https:\/\/api.w.org\/{rel}","templated":true}]}}