{"id":7726,"date":"2021-07-21T22:20:12","date_gmt":"2021-07-21T19:20:12","guid":{"rendered":"https:\/\/minnakilmekler.com\/?post_type=product&#038;p=7726"},"modified":"2023-09-30T21:52:53","modified_gmt":"2023-09-30T18:52:53","slug":"kucuk-prens","status":"publish","type":"product","link":"https:\/\/minnakilmekler.com\/en\/urun\/kucuk-prens\/","title":{"rendered":"K\u00fc\u00e7\u00fck Prens"},"content":{"rendered":"<p>Sipari\u015f \u00fczerine \u00f6r\u00fclmektedir. Sipari\u015f tarihinden itibaren 20-25 g\u00fcn aras\u0131nda kargoya teslim edilmektedir.<\/p>\n","protected":false},"excerpt":{"rendered":"<p>Sipari\u015f \u00fczerine \u00f6r\u00fclmektedir. Sipari\u015f tarihinden itibaren 20-25 g\u00fcn aras\u0131nda kargoya teslim edilmektedir.<\/p>\n","protected":false},"featured_media":7689,"template":"","meta":{"rank_math_lock_modified_date":false},"product_cat":[41],"product_tag":[],"class_list":{"0":"post-7726","1":"product","2":"type-product","3":"status-publish","4":"has-post-thumbnail","6":"product_cat-amigurumi","8":"first","9":"instock","10":"taxable","11":"shipping-taxable","12":"product-type-simple"},"_links":{"self":[{"href":"https:\/\/minnakilmekler.com\/en\/wp-json\/wp\/v2\/product\/7726","targetHints":{"allow":["GET"]}}],"collection":[{"href":"https:\/\/minnakilmekler.com\/en\/wp-json\/wp\/v2\/product"}],"about":[{"href":"https:\/\/minnakilmekler.com\/en\/wp-json\/wp\/v2\/types\/product"}],"wp:featuredmedia":[{"embeddable":true,"href":"https:\/\/minnakilmekler.com\/en\/wp-json\/wp\/v2\/media\/7689"}],"wp:attachment":[{"href":"https:\/\/minnakilmekler.com\/en\/wp-json\/wp\/v2\/media?parent=7726"}],"wp:term":[{"taxonomy":"product_cat","embeddable":true,"href":"https:\/\/minnakilmekler.com\/en\/wp-json\/wp\/v2\/product_cat?post=7726"},{"taxonomy":"product_tag","embeddable":true,"href":"https:\/\/minnakilmekler.com\/en\/wp-json\/wp\/v2\/product_tag?post=7726"}],"curies":[{"name":"wp","href":"https:\/\/api.w.org\/{rel}","templated":true}]}}